{"id":477,"date":"2024-07-31T16:01:37","date_gmt":"2024-07-31T16:01:37","guid":{"rendered":"https:\/\/japigia.cambia-marketing.it\/?page_id=477"},"modified":"2025-10-16T10:16:28","modified_gmt":"2025-10-16T10:16:28","slug":"tipologia-standard","status":"publish","type":"page","link":"https:\/\/jdvacanze.it\/en\/tipologia-standard\/","title":{"rendered":"Standard Type"},"content":{"rendered":"<div data-elementor-type=\"wp-page\" data-elementor-id=\"477\" class=\"elementor elementor-477\" data-elementor-post-type=\"page\">\n\t\t\t\t<div class=\"elementor-element elementor-element-75b46a0 e-con-full e-flex e-con e-parent\" data-id=\"75b46a0\" data-element_type=\"container\">\n\t\t<div class=\"elementor-element elementor-element-6003dd2 e-con-full e-flex e-con e-child\" data-id=\"6003dd2\" data-element_type=\"container\" data-settings=\"{&quot;background_background&quot;:&quot;classic&quot;,&quot;sticky&quot;:&quot;top&quot;,&quot;sticky_offset&quot;:30,&quot;sticky_on&quot;:[&quot;desktop&quot;],&quot;sticky_effects_offset&quot;:0}\">\n\t\t\t\t<div class=\"elementor-element elementor-element-e96469e elementor-widget elementor-widget-heading\" data-id=\"e96469e\" data-element_type=\"widget\" data-widget_type=\"heading.default\">\n\t\t\t\t<div class=\"elementor-widget-container\">\n\t\t\t<h2 class=\"elementor-heading-title elementor-size-default\">The selection of facilities in the<\/h2>\t\t<\/div>\n\t\t\t\t<\/div>\n\t\t\t\t<div class=\"elementor-element elementor-element-7d32393 elementor-widget elementor-widget-heading\" data-id=\"7d32393\" data-element_type=\"widget\" data-widget_type=\"heading.default\">\n\t\t\t\t<div class=\"elementor-widget-container\">\n\t\t\t<h2 class=\"elementor-heading-title elementor-size-default\">Standard Type<\/h2>\t\t<\/div>\n\t\t\t\t<\/div>\n\t\t\t\t<div class=\"elementor-element elementor-element-dab652c elementor-hidden-mobile elementor-widget elementor-widget-text-editor\" data-id=\"dab652c\" data-element_type=\"widget\" data-widget_type=\"text-editor.default\">\n\t\t\t\t<div class=\"elementor-widget-container\">\n\t\t\t\t\t\t\t<p>Our Standard accommodations are equipped with all the amenities you need for a relaxing stay by the sea.<\/p>\t\t\t\t\t\t<\/div>\n\t\t\t\t<\/div>\n\t\t<div class=\"elementor-element elementor-element-d9a89f0 e-con-full e-flex e-con e-child\" data-id=\"d9a89f0\" data-element_type=\"container\">\n\t\t\t\t<div class=\"elementor-element elementor-element-24c2037 elementor-widget elementor-widget-heading\" data-id=\"24c2037\" data-element_type=\"widget\" data-widget_type=\"heading.default\">\n\t\t\t\t<div class=\"elementor-widget-container\">\n\t\t\t<h2 class=\"elementor-heading-title elementor-size-default\"><a href=\"\/en\/casa-risacca\/\">Casa Risacca<\/a><\/h2>\t\t<\/div>\n\t\t\t\t<\/div>\n\t\t\t\t<div class=\"elementor-element elementor-element-82d9806 elementor-widget elementor-widget-heading\" data-id=\"82d9806\" data-element_type=\"widget\" data-widget_type=\"heading.default\">\n\t\t\t\t<div class=\"elementor-widget-container\">\n\t\t\t<h2 class=\"elementor-heading-title elementor-size-default\"><a href=\"\/en\/salentia\/\">Salent\u00eca<\/a><\/h2>\t\t<\/div>\n\t\t\t\t<\/div>\n\t\t\t\t<div class=\"elementor-element elementor-element-29a06d4 elementor-widget elementor-widget-heading\" data-id=\"29a06d4\" data-element_type=\"widget\" data-widget_type=\"heading.default\">\n\t\t\t\t<div class=\"elementor-widget-container\">\n\t\t\t<h2 class=\"elementor-heading-title elementor-size-default\"><a href=\"\/en\/eden-quattro-archi\/\">Eden Quattro Archi<\/a><\/h2>\t\t<\/div>\n\t\t\t\t<\/div>\n\t\t\t\t<div class=\"elementor-element elementor-element-738855c elementor-widget elementor-widget-heading\" data-id=\"738855c\" data-element_type=\"widget\" data-widget_type=\"heading.default\">\n\t\t\t\t<div class=\"elementor-widget-container\">\n\t\t\t<h2 class=\"elementor-heading-title elementor-size-default\"><a href=\"\/en\/mantula-home\/\">M\u00e0ntula Home<\/a><\/h2>\t\t<\/div>\n\t\t\t\t<\/div>\n\t\t\t\t<div class=\"elementor-element elementor-element-2135ebb elementor-widget elementor-widget-heading\" data-id=\"2135ebb\" data-element_type=\"widget\" data-widget_type=\"heading.default\">\n\t\t\t\t<div class=\"elementor-widget-container\">\n\t\t\t<h2 class=\"elementor-heading-title elementor-size-default\"><a href=\"\/en\/nonna\/\">Nonna di Gi\u00f9<\/a><\/h2>\t\t<\/div>\n\t\t\t\t<\/div>\n\t\t\t\t<\/div>\n\t\t\t\t<\/div>\n\t\t<div class=\"elementor-element elementor-element-440896f e-con-full e-flex e-con e-child\" data-id=\"440896f\" data-element_type=\"container\">\n\t\t<div class=\"elementor-element elementor-element-d8f829a e-con-full e-flex e-con e-child\" data-id=\"d8f829a\" data-element_type=\"container\">\n\t\t<div class=\"elementor-element elementor-element-a2612a1 e-con-full e-flex e-con e-child\" data-id=\"a2612a1\" data-element_type=\"container\">\n\t\t<div class=\"elementor-element elementor-element-7a0e0c0 e-con-full e-flex e-con e-child\" data-id=\"7a0e0c0\" data-element_type=\"container\" data-settings=\"{&quot;background_background&quot;:&quot;slideshow&quot;,&quot;background_slideshow_gallery&quot;:[{&quot;id&quot;:2920,&quot;url&quot;:&quot;https:\\\/\\\/jdvacanze.it\\\/wp-content\\\/uploads\\\/2024\\\/12\\\/CasaRisacca-Esterni_3.jpg&quot;},{&quot;id&quot;:2912,&quot;url&quot;:&quot;https:\\\/\\\/jdvacanze.it\\\/wp-content\\\/uploads\\\/2024\\\/12\\\/CasaRisacca-Matrimoniale3_12.jpg&quot;},{&quot;id&quot;:2915,&quot;url&quot;:&quot;https:\\\/\\\/jdvacanze.it\\\/wp-content\\\/uploads\\\/2024\\\/12\\\/CasaRisacca-Cucina_8.jpg&quot;},{&quot;id&quot;:2913,&quot;url&quot;:&quot;https:\\\/\\\/jdvacanze.it\\\/wp-content\\\/uploads\\\/2024\\\/12\\\/CasaRisacca-Matrimoniale2_9.jpg&quot;},{&quot;id&quot;:2916,&quot;url&quot;:&quot;https:\\\/\\\/jdvacanze.it\\\/wp-content\\\/uploads\\\/2024\\\/12\\\/CasaRisacca-Cucina_4.jpg&quot;},{&quot;id&quot;:2914,&quot;url&quot;:&quot;https:\\\/\\\/jdvacanze.it\\\/wp-content\\\/uploads\\\/2024\\\/12\\\/CasaRisacca-Matrimoniale1_15.jpg&quot;}],&quot;background_slideshow_loop&quot;:&quot;yes&quot;,&quot;background_slideshow_slide_duration&quot;:5000,&quot;background_slideshow_slide_transition&quot;:&quot;fade&quot;,&quot;background_slideshow_transition_duration&quot;:500}\">\n\t\t\t\t<\/div>\n\t\t<div class=\"elementor-element elementor-element-79a8bb4 e-con-full e-flex e-con e-child\" data-id=\"79a8bb4\" data-element_type=\"container\" data-settings=\"{&quot;background_background&quot;:&quot;classic&quot;}\">\n\t\t\t\t<div class=\"elementor-element elementor-element-d2b641a elementor-widget elementor-widget-heading\" data-id=\"d2b641a\" data-element_type=\"widget\" data-widget_type=\"heading.default\">\n\t\t\t\t<div class=\"elementor-widget-container\">\n\t\t\t<h2 class=\"elementor-heading-title elementor-size-default\">Holiday Home<br>Casa Risacca<\/h2>\t\t<\/div>\n\t\t\t\t<\/div>\n\t\t\t\t<div class=\"elementor-element elementor-element-7fc977a elementor-widget elementor-widget-text-editor\" data-id=\"7fc977a\" data-element_type=\"widget\" data-widget_type=\"text-editor.default\">\n\t\t\t\t<div class=\"elementor-widget-container\">\n\t\t\t\t\t\t\t<p>Via Giovanni Spadolini, 74020 Campomarino, TA Italia<br \/>CIS: TA07301491000053761<br \/>CIN: IT073014C200097498<\/p>\t\t\t\t\t\t<\/div>\n\t\t\t\t<\/div>\n\t\t\t\t<div class=\"elementor-element elementor-element-14ac0b7 elementor-widget elementor-widget-text-editor\" data-id=\"14ac0b7\" data-element_type=\"widget\" data-widget_type=\"text-editor.default\">\n\t\t\t\t<div class=\"elementor-widget-container\">\n\t\t\t\t\t\t\t<p class=\"e2585683de c8d1788c8c\" data-testid=\"property-description\">The Casa Risacca holiday house is located in Campomarino, with direct access to the beach, which is 50 metres away....<\/p>\t\t\t\t\t\t<\/div>\n\t\t\t\t<\/div>\n\t\t\t\t<div class=\"elementor-element elementor-element-4f8ea04 elementor-widget elementor-widget-text-editor\" data-id=\"4f8ea04\" data-element_type=\"widget\" data-widget_type=\"text-editor.default\">\n\t\t\t\t<div class=\"elementor-widget-container\">\n\t\t\t\t\t\t\t<p>Flat screen TV | Air conditioning | Patio | Free private parking | Courtesy set | Fast Wi-Fi | Airport shuttle | Beachfront | Bicycle rental<\/p>\t\t\t\t\t\t<\/div>\n\t\t\t\t<\/div>\n\t\t\t\t<div class=\"elementor-element elementor-element-67f4fe7 elementor-widget elementor-widget-button\" data-id=\"67f4fe7\" data-element_type=\"widget\" data-widget_type=\"button.default\">\n\t\t\t\t<div class=\"elementor-widget-container\">\n\t\t\t\t\t<div class=\"elementor-button-wrapper\">\n\t\t\t<a class=\"elementor-button elementor-button-link elementor-size-sm\" href=\"\/en\/casa-risacca\/\">\n\t\t\t\t\t\t<span class=\"elementor-button-content-wrapper\">\n\t\t\t\t\t\t\t\t\t<span class=\"elementor-button-text\">See the structure<\/span>\n\t\t\t\t\t<\/span>\n\t\t\t\t\t<\/a>\n\t\t<\/div>\n\t\t\t\t<\/div>\n\t\t\t\t<\/div>\n\t\t\t\t<\/div>\n\t\t\t\t<\/div>\n\t\t\t\t<\/div>\n\t\t<div class=\"elementor-element elementor-element-236224e e-con-full e-flex e-con e-child\" data-id=\"236224e\" data-element_type=\"container\">\n\t\t<div class=\"elementor-element elementor-element-48dd31c e-con-full e-flex e-con e-child\" data-id=\"48dd31c\" data-element_type=\"container\">\n\t\t<div class=\"elementor-element elementor-element-16a11cf e-con-full e-flex e-con e-child\" data-id=\"16a11cf\" data-element_type=\"container\" data-settings=\"{&quot;background_background&quot;:&quot;slideshow&quot;,&quot;background_slideshow_gallery&quot;:[{&quot;id&quot;:2955,&quot;url&quot;:&quot;https:\\\/\\\/jdvacanze.it\\\/wp-content\\\/uploads\\\/2025\\\/03\\\/Salentia-IMG_1053.jpg&quot;},{&quot;id&quot;:2956,&quot;url&quot;:&quot;https:\\\/\\\/jdvacanze.it\\\/wp-content\\\/uploads\\\/2025\\\/03\\\/Salentia-IMG_1073.jpg&quot;},{&quot;id&quot;:2957,&quot;url&quot;:&quot;https:\\\/\\\/jdvacanze.it\\\/wp-content\\\/uploads\\\/2025\\\/03\\\/Salentia-IMG_1082.jpg&quot;},{&quot;id&quot;:2958,&quot;url&quot;:&quot;https:\\\/\\\/jdvacanze.it\\\/wp-content\\\/uploads\\\/2025\\\/03\\\/Salentia-IMG_1087.jpg&quot;},{&quot;id&quot;:2959,&quot;url&quot;:&quot;https:\\\/\\\/jdvacanze.it\\\/wp-content\\\/uploads\\\/2025\\\/03\\\/Salentia-IMG_8567.jpg&quot;}],&quot;background_slideshow_loop&quot;:&quot;yes&quot;,&quot;background_slideshow_slide_duration&quot;:5000,&quot;background_slideshow_slide_transition&quot;:&quot;fade&quot;,&quot;background_slideshow_transition_duration&quot;:500}\">\n\t\t\t\t<\/div>\n\t\t<div class=\"elementor-element elementor-element-df60bb0 e-con-full e-flex e-con e-child\" data-id=\"df60bb0\" data-element_type=\"container\" data-settings=\"{&quot;background_background&quot;:&quot;classic&quot;}\">\n\t\t\t\t<div class=\"elementor-element elementor-element-84fc1a9 elementor-widget elementor-widget-heading\" data-id=\"84fc1a9\" data-element_type=\"widget\" data-widget_type=\"heading.default\">\n\t\t\t\t<div class=\"elementor-widget-container\">\n\t\t\t<h2 class=\"elementor-heading-title elementor-size-default translation-block\">Salent\u00eca<br> Apartments<\/h2>\t\t<\/div>\n\t\t\t\t<\/div>\n\t\t\t\t<div class=\"elementor-element elementor-element-7613725 elementor-widget elementor-widget-text-editor\" data-id=\"7613725\" data-element_type=\"widget\" data-widget_type=\"text-editor.default\">\n\t\t\t\t<div class=\"elementor-widget-container\">\n\t\t\t\t\t\t\t<p>Via degli olmi 18, 74024 San Pietro in Bevagna\/ Manduria<br \/>CIS: TA07301291000065073<br \/>CIN: IT073012B400109576<\/p>\t\t\t\t\t\t<\/div>\n\t\t\t\t<\/div>\n\t\t\t\t<div class=\"elementor-element elementor-element-a353b2a elementor-widget elementor-widget-text-editor\" data-id=\"a353b2a\" data-element_type=\"widget\" data-widget_type=\"text-editor.default\">\n\t\t\t\t<div class=\"elementor-widget-container\">\n\t\t\t\t\t\t\t<p class=\"e2585683de c8d1788c8c\" data-testid=\"property-description\">Salent\u00eca Appartamenti is located in San Pietro in Bevagna, with direct access to the beach ...<\/p>\t\t\t\t\t\t<\/div>\n\t\t\t\t<\/div>\n\t\t\t\t<div class=\"elementor-element elementor-element-49f3dd3 elementor-widget elementor-widget-text-editor\" data-id=\"49f3dd3\" data-element_type=\"widget\" data-widget_type=\"text-editor.default\">\n\t\t\t\t<div class=\"elementor-widget-container\">\n\t\t\t\t\t\t\tFlat-screen TV | Courtesy kit | Air conditioning | Patio | Free parking | Toiletries | Direct beach access\t\t\t\t\t\t<\/div>\n\t\t\t\t<\/div>\n\t\t\t\t<div class=\"elementor-element elementor-element-780f432 elementor-widget elementor-widget-button\" data-id=\"780f432\" data-element_type=\"widget\" data-widget_type=\"button.default\">\n\t\t\t\t<div class=\"elementor-widget-container\">\n\t\t\t\t\t<div class=\"elementor-button-wrapper\">\n\t\t\t<a class=\"elementor-button elementor-button-link elementor-size-sm\" href=\"\/en\/salentia\/\">\n\t\t\t\t\t\t<span class=\"elementor-button-content-wrapper\">\n\t\t\t\t\t\t\t\t\t<span class=\"elementor-button-text\">See the structure<\/span>\n\t\t\t\t\t<\/span>\n\t\t\t\t\t<\/a>\n\t\t<\/div>\n\t\t\t\t<\/div>\n\t\t\t\t<\/div>\n\t\t\t\t<\/div>\n\t\t\t\t<\/div>\n\t\t\t\t<\/div>\n\t\t<div class=\"elementor-element elementor-element-803b1a6 e-con-full e-flex e-con e-child\" data-id=\"803b1a6\" data-element_type=\"container\">\n\t\t<div class=\"elementor-element elementor-element-0002ebb e-con-full e-flex e-con e-child\" data-id=\"0002ebb\" data-element_type=\"container\">\n\t\t<div class=\"elementor-element elementor-element-d85ffcb e-con-full e-flex e-con e-child\" data-id=\"d85ffcb\" data-element_type=\"container\" data-settings=\"{&quot;background_background&quot;:&quot;slideshow&quot;,&quot;background_slideshow_gallery&quot;:[{&quot;id&quot;:828,&quot;url&quot;:&quot;https:\\\/\\\/jdvacanze.it\\\/wp-content\\\/uploads\\\/2024\\\/08\\\/Eden-quattro-silvano_8.jpg&quot;},{&quot;id&quot;:1087,&quot;url&quot;:&quot;https:\\\/\\\/jdvacanze.it\\\/wp-content\\\/uploads\\\/2024\\\/08\\\/Eden-quattro-archi-david_9.jpg&quot;},{&quot;id&quot;:1078,&quot;url&quot;:&quot;https:\\\/\\\/jdvacanze.it\\\/wp-content\\\/uploads\\\/2024\\\/08\\\/Eden-quattro-archi-glory_3.jpg&quot;},{&quot;id&quot;:832,&quot;url&quot;:&quot;https:\\\/\\\/jdvacanze.it\\\/wp-content\\\/uploads\\\/2024\\\/08\\\/Eden-quattro-silvano_12.jpg&quot;}],&quot;background_slideshow_loop&quot;:&quot;yes&quot;,&quot;background_slideshow_slide_duration&quot;:5000,&quot;background_slideshow_slide_transition&quot;:&quot;fade&quot;,&quot;background_slideshow_transition_duration&quot;:500}\">\n\t\t\t\t<\/div>\n\t\t<div class=\"elementor-element elementor-element-130e599 e-con-full e-flex e-con e-child\" data-id=\"130e599\" data-element_type=\"container\" data-settings=\"{&quot;background_background&quot;:&quot;classic&quot;}\">\n\t\t\t\t<div class=\"elementor-element elementor-element-a2f046d elementor-widget elementor-widget-heading\" data-id=\"a2f046d\" data-element_type=\"widget\" data-widget_type=\"heading.default\">\n\t\t\t\t<div class=\"elementor-widget-container\">\n\t\t\t<h2 class=\"elementor-heading-title elementor-size-default\">Eden Quattro <br>Archi<\/h2>\t\t<\/div>\n\t\t\t\t<\/div>\n\t\t\t\t<div class=\"elementor-element elementor-element-36230f0 elementor-widget elementor-widget-text-editor\" data-id=\"36230f0\" data-element_type=\"widget\" data-widget_type=\"text-editor.default\">\n\t\t\t\t<div class=\"elementor-widget-container\">\n\t\t\t\t\t\t\tVia giuseppe gigli, Via dei Gerani 74024 San Pietro In Bevagna\t\t\t\t\t\t<\/div>\n\t\t\t\t<\/div>\n\t\t\t\t<div class=\"elementor-element elementor-element-c42582a elementor-widget elementor-widget-text-editor\" data-id=\"c42582a\" data-element_type=\"widget\" data-widget_type=\"text-editor.default\">\n\t\t\t\t<div class=\"elementor-widget-container\">\n\t\t\t\t\t\t\tNestled in an oasis of tranquility just a few meters from the beautiful beach ...<\/p>\t\t\t\t\t\t<\/div>\n\t\t\t\t<\/div>\n\t\t\t\t<div class=\"elementor-element elementor-element-d0f32a4 elementor-widget elementor-widget-text-editor\" data-id=\"d0f32a4\" data-element_type=\"widget\" data-widget_type=\"text-editor.default\">\n\t\t\t\t<div class=\"elementor-widget-container\">\n\t\t\t\t\t\t\t<p>Flat screen TV | Courtesy kit | Air conditioning | Patio | Courtesy set | Direct beach access<\/p>\t\t\t\t\t\t<\/div>\n\t\t\t\t<\/div>\n\t\t\t\t<div class=\"elementor-element elementor-element-6031f6e elementor-widget elementor-widget-button\" data-id=\"6031f6e\" data-element_type=\"widget\" data-widget_type=\"button.default\">\n\t\t\t\t<div class=\"elementor-widget-container\">\n\t\t\t\t\t<div class=\"elementor-button-wrapper\">\n\t\t\t<a class=\"elementor-button elementor-button-link elementor-size-sm\" href=\"\/en\/eden-quattro-archi\/\">\n\t\t\t\t\t\t<span class=\"elementor-button-content-wrapper\">\n\t\t\t\t\t\t\t\t\t<span class=\"elementor-button-text\">See the structure<\/span>\n\t\t\t\t\t<\/span>\n\t\t\t\t\t<\/a>\n\t\t<\/div>\n\t\t\t\t<\/div>\n\t\t\t\t<\/div>\n\t\t\t\t<\/div>\n\t\t\t\t<\/div>\n\t\t\t\t<\/div>\n\t\t<div class=\"elementor-element elementor-element-390daea e-con-full e-flex e-con e-child\" data-id=\"390daea\" data-element_type=\"container\">\n\t\t<div class=\"elementor-element elementor-element-f2a499a e-con-full e-flex e-con e-child\" data-id=\"f2a499a\" data-element_type=\"container\">\n\t\t<div class=\"elementor-element elementor-element-fbbc926 e-con-full e-flex e-con e-child\" data-id=\"fbbc926\" data-element_type=\"container\" data-settings=\"{&quot;background_background&quot;:&quot;slideshow&quot;,&quot;background_slideshow_gallery&quot;:[{&quot;id&quot;:3748,&quot;url&quot;:&quot;https:\\\/\\\/jdvacanze.it\\\/wp-content\\\/uploads\\\/2025\\\/05\\\/15.jpg&quot;},{&quot;id&quot;:3751,&quot;url&quot;:&quot;https:\\\/\\\/jdvacanze.it\\\/wp-content\\\/uploads\\\/2025\\\/05\\\/5.jpg&quot;},{&quot;id&quot;:3750,&quot;url&quot;:&quot;https:\\\/\\\/jdvacanze.it\\\/wp-content\\\/uploads\\\/2025\\\/05\\\/IMG_1154.jpg&quot;},{&quot;id&quot;:3749,&quot;url&quot;:&quot;https:\\\/\\\/jdvacanze.it\\\/wp-content\\\/uploads\\\/2025\\\/05\\\/IMG_0601.jpg&quot;},{&quot;id&quot;:3756,&quot;url&quot;:&quot;https:\\\/\\\/jdvacanze.it\\\/wp-content\\\/uploads\\\/2025\\\/05\\\/IMG_0600.jpg&quot;}],&quot;background_slideshow_loop&quot;:&quot;yes&quot;,&quot;background_slideshow_slide_duration&quot;:5000,&quot;background_slideshow_slide_transition&quot;:&quot;fade&quot;,&quot;background_slideshow_transition_duration&quot;:500}\">\n\t\t\t\t<\/div>\n\t\t<div class=\"elementor-element elementor-element-1fc80e2 e-con-full e-flex e-con e-child\" data-id=\"1fc80e2\" data-element_type=\"container\" data-settings=\"{&quot;background_background&quot;:&quot;classic&quot;}\">\n\t\t\t\t<div class=\"elementor-element elementor-element-d7f7726 elementor-widget elementor-widget-heading\" data-id=\"d7f7726\" data-element_type=\"widget\" data-widget_type=\"heading.default\">\n\t\t\t\t<div class=\"elementor-widget-container\">\n\t\t\t<h2 class=\"elementor-heading-title elementor-size-default\">M\u00e0ntula <br>Home<\/h2>\t\t<\/div>\n\t\t\t\t<\/div>\n\t\t\t\t<div class=\"elementor-element elementor-element-62caf35 elementor-widget elementor-widget-text-editor\" data-id=\"62caf35\" data-element_type=\"widget\" data-widget_type=\"text-editor.default\">\n\t\t\t\t<div class=\"elementor-widget-container\">\n\t\t\t\t\t\t\t<p>Via Bizzarri 30, 74024 Manduria<br \/>CIS: TA07301291000069889<br \/>CIN: IT073012C200115475<\/p>\t\t\t\t\t\t<\/div>\n\t\t\t\t<\/div>\n\t\t\t\t<div class=\"elementor-element elementor-element-5d51dfd elementor-widget elementor-widget-text-editor\" data-id=\"5d51dfd\" data-element_type=\"widget\" data-widget_type=\"text-editor.default\">\n\t\t\t\t<div class=\"elementor-widget-container\">\n\t\t\t\t\t\t\t<p>Located in Manduria, in the heart of the city, the flat \u201cMantula\u201d ...<\/p>\t\t\t\t\t\t<\/div>\n\t\t\t\t<\/div>\n\t\t\t\t<div class=\"elementor-element elementor-element-3a02300 elementor-widget elementor-widget-text-editor\" data-id=\"3a02300\" data-element_type=\"widget\" data-widget_type=\"text-editor.default\">\n\t\t\t\t<div class=\"elementor-widget-container\">\n\t\t\t\t\t\t\t<div class=\"uitk-text uitk-type-300 uitk-text-default-theme uitk-spacing uitk-spacing-margin-inlineend-two uitk-layout-flex-item\">Separate dining room | Separate living room | Air conditioning | Kitchenette | Refrigerator | 1 Double bedroom | 1 Twin bedroom | Heating<\/div>\t\t\t\t\t\t<\/div>\n\t\t\t\t<\/div>\n\t\t\t\t<div class=\"elementor-element elementor-element-5166c26 elementor-widget elementor-widget-button\" data-id=\"5166c26\" data-element_type=\"widget\" data-widget_type=\"button.default\">\n\t\t\t\t<div class=\"elementor-widget-container\">\n\t\t\t\t\t<div class=\"elementor-button-wrapper\">\n\t\t\t<a class=\"elementor-button elementor-button-link elementor-size-sm\" href=\"\/en\/mantula-home\/\">\n\t\t\t\t\t\t<span class=\"elementor-button-content-wrapper\">\n\t\t\t\t\t\t\t\t\t<span class=\"elementor-button-text\">See the structure<\/span>\n\t\t\t\t\t<\/span>\n\t\t\t\t\t<\/a>\n\t\t<\/div>\n\t\t\t\t<\/div>\n\t\t\t\t<\/div>\n\t\t\t\t<\/div>\n\t\t\t\t<\/div>\n\t\t\t\t<\/div>\n\t\t<div class=\"elementor-element elementor-element-7692e96 e-con-full e-flex e-con e-child\" data-id=\"7692e96\" data-element_type=\"container\" id=\"nonna\">\n\t\t<div class=\"elementor-element elementor-element-d863f44 e-con-full e-flex e-con e-child\" data-id=\"d863f44\" data-element_type=\"container\">\n\t\t<div class=\"elementor-element elementor-element-770065b e-con-full e-flex e-con e-child\" data-id=\"770065b\" data-element_type=\"container\" data-settings=\"{&quot;background_background&quot;:&quot;slideshow&quot;,&quot;background_slideshow_gallery&quot;:[{&quot;id&quot;:3840,&quot;url&quot;:&quot;https:\\\/\\\/jdvacanze.it\\\/wp-content\\\/uploads\\\/2025\\\/06\\\/nonna-di-giu_11-e1749711812513.jpg&quot;},{&quot;id&quot;:3834,&quot;url&quot;:&quot;https:\\\/\\\/jdvacanze.it\\\/wp-content\\\/uploads\\\/2025\\\/06\\\/nonna-di-giu_14.jpg&quot;},{&quot;id&quot;:3837,&quot;url&quot;:&quot;https:\\\/\\\/jdvacanze.it\\\/wp-content\\\/uploads\\\/2025\\\/06\\\/nonna-di-giu_20.jpg&quot;},{&quot;id&quot;:3841,&quot;url&quot;:&quot;https:\\\/\\\/jdvacanze.it\\\/wp-content\\\/uploads\\\/2025\\\/06\\\/nonna-di-giu_4-e1749711977685.jpg&quot;}],&quot;background_slideshow_loop&quot;:&quot;yes&quot;,&quot;background_slideshow_slide_duration&quot;:5000,&quot;background_slideshow_slide_transition&quot;:&quot;fade&quot;,&quot;background_slideshow_transition_duration&quot;:500}\">\n\t\t\t\t<\/div>\n\t\t<div class=\"elementor-element elementor-element-1ad4036 e-con-full e-flex e-con e-child\" data-id=\"1ad4036\" data-element_type=\"container\" data-settings=\"{&quot;background_background&quot;:&quot;classic&quot;}\">\n\t\t\t\t<div class=\"elementor-element elementor-element-b7d677b elementor-widget elementor-widget-heading\" data-id=\"b7d677b\" data-element_type=\"widget\" data-widget_type=\"heading.default\">\n\t\t\t\t<div class=\"elementor-widget-container\">\n\t\t\t<h2 class=\"elementor-heading-title elementor-size-default\">Nonna di <br> gi\u00f9<\/h2>\t\t<\/div>\n\t\t\t\t<\/div>\n\t\t\t\t<div class=\"elementor-element elementor-element-c6d812d elementor-widget elementor-widget-text-editor\" data-id=\"c6d812d\" data-element_type=\"widget\" data-widget_type=\"text-editor.default\">\n\t\t\t\t<div class=\"elementor-widget-container\">\n\t\t\t\t\t\t\t<p>Via dei Piacentini 9 San Pietro in Bevagna | CIS: TA07301291000070277<br \/>CIN: IT073012C200115952<\/p>\t\t\t\t\t\t<\/div>\n\t\t\t\t<\/div>\n\t\t\t\t<div class=\"elementor-element elementor-element-81eebde elementor-widget elementor-widget-text-editor\" data-id=\"81eebde\" data-element_type=\"widget\" data-widget_type=\"text-editor.default\">\n\t\t\t\t<div class=\"elementor-widget-container\">\n\t\t\t\t\t\t\t<p>Nonna di gi\u00f9', a holiday flat located in the heart of San Pietro in Bevagna ...<\/p>\t\t\t\t\t\t<\/div>\n\t\t\t\t<\/div>\n\t\t\t\t<div class=\"elementor-element elementor-element-3eeea8f elementor-widget elementor-widget-text-editor\" data-id=\"3eeea8f\" data-element_type=\"widget\" data-widget_type=\"text-editor.default\">\n\t\t\t\t<div class=\"elementor-widget-container\">\n\t\t\t\t\t\t\tFlat screen TV | Courtesy kit | Air conditioning | Patio | Courtesy set | Airport shuttle\t\t\t\t\t\t<\/div>\n\t\t\t\t<\/div>\n\t\t\t\t<div class=\"elementor-element elementor-element-e629fcb elementor-widget elementor-widget-button\" data-id=\"e629fcb\" data-element_type=\"widget\" data-widget_type=\"button.default\">\n\t\t\t\t<div class=\"elementor-widget-container\">\n\t\t\t\t\t<div class=\"elementor-button-wrapper\">\n\t\t\t<a class=\"elementor-button elementor-button-link elementor-size-sm\" href=\"\/en\/nonna-di-giu\/\">\n\t\t\t\t\t\t<span class=\"elementor-button-content-wrapper\">\n\t\t\t\t\t\t\t\t\t<span class=\"elementor-button-text\">See the structure<\/span>\n\t\t\t\t\t<\/span>\n\t\t\t\t\t<\/a>\n\t\t<\/div>\n\t\t\t\t<\/div>\n\t\t\t\t<\/div>\n\t\t\t\t<\/div>\n\t\t\t\t<\/div>\n\t\t\t\t<\/div>\n\t\t\t\t<\/div>\n\t\t\t\t<\/div>\n\t\t\t\t<\/div>","protected":false},"excerpt":{"rendered":"<p>La selezione di strutture nella Tipologia Standard Le nostre\u00a0 strutture ricettive Standard sono dotate di tutti i comfort per vivere un soggiorno rilassante al mare. Casa Risacca Salent\u00eca Eden Quattro Archi M\u00e0ntula Home Nonna di Gi\u00f9 Casa VacanzeCasa Risacca Via Giovanni Spadolini, 74020 Campomarino, TA ItaliaCIS: TA07301491000053761CIN: IT073014C200097498 La Casa Vacanze Casa Risacca \u00e8 situata [&hellip;]<\/p>","protected":false},"author":1,"featured_media":0,"parent":0,"menu_order":0,"comment_status":"closed","ping_status":"closed","template":"elementor_header_footer","meta":{"rank_math_lock_modified_date":false,"footnotes":""},"class_list":["post-477","page","type-page","status-publish","hentry"],"_links":{"self":[{"href":"https:\/\/jdvacanze.it\/en\/wp-json\/wp\/v2\/pages\/477","targetHints":{"allow":["GET"]}}],"collection":[{"href":"https:\/\/jdvacanze.it\/en\/wp-json\/wp\/v2\/pages"}],"about":[{"href":"https:\/\/jdvacanze.it\/en\/wp-json\/wp\/v2\/types\/page"}],"author":[{"embeddable":true,"href":"https:\/\/jdvacanze.it\/en\/wp-json\/wp\/v2\/users\/1"}],"replies":[{"embeddable":true,"href":"https:\/\/jdvacanze.it\/en\/wp-json\/wp\/v2\/comments?post=477"}],"version-history":[{"count":463,"href":"https:\/\/jdvacanze.it\/en\/wp-json\/wp\/v2\/pages\/477\/revisions"}],"predecessor-version":[{"id":4206,"href":"https:\/\/jdvacanze.it\/en\/wp-json\/wp\/v2\/pages\/477\/revisions\/4206"}],"wp:attachment":[{"href":"https:\/\/jdvacanze.it\/en\/wp-json\/wp\/v2\/media?parent=477"}],"curies":[{"name":"wp","href":"https:\/\/api.w.org\/{rel}","templated":true}]}}